{"id":37,"date":"2022-02-14T14:22:59","date_gmt":"2022-02-14T14:22:59","guid":{"rendered":"http:\/\/www.investigation.biznet-creation.com\/our-agencies-our-scope-of-actions\/"},"modified":"2022-06-13T20:16:38","modified_gmt":"2022-06-13T20:16:38","slug":"our-agencies","status":"publish","type":"page","link":"https:\/\/www.investigations.fr\/en\/our-agencies\/","title":{"rendered":"Our agencies"},"content":{"rendered":"<p>[et_pb_section fb_built=&#8221;1&#8243; _builder_version=&#8221;4.16&#8243; _module_preset=&#8221;default&#8221; use_background_color_gradient=&#8221;on&#8221; background_color_gradient_direction=&#8221;90deg&#8221; background_color_gradient_stops=&#8221;rgba(0,0,0,0.74) 0%|rgba(0,0,0,0.27) 100%&#8221; background_color_gradient_start=&#8221;rgba(0,0,0,0.74)&#8221; background_color_gradient_end=&#8221;rgba(0,0,0,0.27)&#8221; background_image=&#8221;https:\/\/www.investigations.fr\/wp-content\/uploads\/2022\/02\/agences-detective.jpg&#8221; custom_padding=&#8221;100px||100px||true|false&#8221; global_colors_info=&#8221;{}&#8221;][et_pb_row _builder_version=&#8221;4.16&#8243; _module_preset=&#8221;default&#8221; global_colors_info=&#8221;{}&#8221;][et_pb_column type=&#8221;4_4&#8243; _builder_version=&#8221;4.16&#8243; _module_preset=&#8221;default&#8221; global_colors_info=&#8221;{}&#8221;][et_pb_text admin_label=&#8221;Nos agences &#038; notre rayon d&#8217;action&#8221; _builder_version=&#8221;4.17.4&#8243; _module_preset=&#8221;b53a70bb-9f62-4ee5-b34f-c7a321ddbf6c&#8221; header_font=&#8221;Merriweather|700|||||||&#8221; header_text_color=&#8221;#FFFFFF&#8221; header_font_size=&#8221;60px&#8221; header_line_height=&#8221;1.2em&#8221; header_2_text_color=&#8221;#FFFFFF&#8221; custom_margin=&#8221;||10px||false|false&#8221; custom_margin_phone=&#8221;||10px||false|false&#8221; custom_margin_last_edited=&#8221;off|phone&#8221; hover_enabled=&#8221;0&#8243; header_font_size_tablet=&#8221;40px&#8221; header_font_size_phone=&#8221;24px&#8221; header_font_size_last_edited=&#8221;on|desktop&#8221; header_line_height_tablet=&#8221;1.3em&#8221; header_line_height_phone=&#8221;1.4em&#8221; header_line_height_last_edited=&#8221;on|tablet&#8221; header_text_shadow_style=&#8221;preset4&#8243; locked=&#8221;off&#8221; global_colors_info=&#8221;{}&#8221; sticky_enabled=&#8221;0&#8243;]<\/p>\n<h1>Our agencies<\/h1>\n<p>[\/et_pb_text][\/et_pb_column][\/et_pb_row][\/et_pb_section][et_pb_section fb_built=&#8221;1&#8243; admin_label=&#8221;section&#8221; _builder_version=&#8221;4.16&#8243; background_color=&#8221;#000000&#8243; global_colors_info=&#8221;{}&#8221;][et_pb_row admin_label=&#8221;row&#8221; _builder_version=&#8221;4.16&#8243; background_size=&#8221;initial&#8221; background_position=&#8221;top_left&#8221; background_repeat=&#8221;repeat&#8221; global_colors_info=&#8221;{}&#8221;][et_pb_column type=&#8221;4_4&#8243; _builder_version=&#8221;4.16&#8243; custom_padding=&#8221;|||&#8221; global_colors_info=&#8221;{}&#8221; custom_padding__hover=&#8221;|||&#8221;][et_pb_text admin_label=&#8221;Text&#8221; _builder_version=&#8221;4.16&#8243; background_size=&#8221;initial&#8221; background_position=&#8221;top_left&#8221; background_repeat=&#8221;repeat&#8221; global_colors_info=&#8221;{}&#8221;]<\/p>\n<p>[\/et_pb_text][et_pb_map address=&#8221;21000 Dijon, France&#8221; zoom_level=&#8221;7&#8243; address_lat=&#8221;46.551171488292&#8243; address_lng=&#8221;4.9946692875&#8243; _builder_version=&#8221;4.17.4&#8243; _module_preset=&#8221;default&#8221; global_colors_info=&#8221;{}&#8221;][et_pb_map_pin title=&#8221;AGENCE INVESTIGATIONS SARL Dijon&#8221; pin_address=&#8221;3 Imp. Saint-Pierre, 21000 Dijon, France&#8221; pin_address_lat=&#8221;47.314804&#8243; pin_address_lng=&#8221;5.0423947&#8243; _builder_version=&#8221;4.17.4&#8243; _module_preset=&#8221;default&#8221; global_colors_info=&#8221;{}&#8221;]<\/p>\n<div class=\"socie\"><em>Headquarter<\/em><\/div>\n<div class=\"fond\">3 Impasse Saint Pierre<br \/>21000 DIJON<br \/>T\u00e9l\u00e9phone : 03 80 68 01 68<br \/>Fax : 03 80 68 01 69<\/div>\n<p>[\/et_pb_map_pin][et_pb_map_pin title=&#8221;AGENCE INVESTIGATIONS SARL IN CHALON SUR SAONE&#8221; pin_address=&#8221;67 Rue aux F\u00e8vres, 71100 Chalon-sur-Sa\u00f4ne, France&#8221; pin_address_lat=&#8221;46.7835876&#8243; pin_address_lng=&#8221;4.855764&#8243; _builder_version=&#8221;4.17.4&#8243; _module_preset=&#8221;default&#8221; global_colors_info=&#8221;{}&#8221;]<\/p>\n<div class=\"socie\">AI sarl de Chalon-sur-Sa\u00f4ne<\/div>\n<div class=\"fond\">67, rue F\u00e8vres<br \/>71100 Chalon-sur-Sa\u00f4ne<br \/>T\u00e9l : 03 85 93 34 33<\/div>\n<p>[\/et_pb_map_pin][et_pb_map_pin title=&#8221;AGENCE INVESTIGATIONS SARL IN BESANCON&#8221; pin_address=&#8221;5 Rue Alfred de Vigny, 25000 Besan\u00e7on, France&#8221; pin_address_lat=&#8221;47.2168753&#8243; pin_address_lng=&#8221;5.9638499&#8243; _builder_version=&#8221;4.17.4&#8243; _module_preset=&#8221;default&#8221; global_colors_info=&#8221;{}&#8221;]<\/p>\n<div class=\"socie\">AI sarl de Besan\u00e7on<\/div>\n<div class=\"fond\">Parc Lafayette, 5 rue Alfred de Vigny<br \/>25000 Besan\u00e7on<br \/>T\u00e9l : 03 81 81 01 01<\/div>\n<p>[\/et_pb_map_pin][et_pb_map_pin title=&#8221;SUBSIDIARY IN LYON&#8221; pin_address=&#8221;31 Rue de Brest, 69002 Lyon, France&#8221; pin_address_lat=&#8221;45.7621367&#8243; pin_address_lng=&#8221;4.8335137&#8243; _builder_version=&#8221;4.17.4&#8243; _module_preset=&#8221;default&#8221; global_colors_info=&#8221;{}&#8221;]<\/p>\n<div class=\"socie\">Filiale MAE Soci\u00e9t\u00e9 Civile<\/div>\n<div class=\"fond\">31, rue de Brest<br \/>69002 Lyon<a href=\"https:\/\/www.investigations.fr\/filiale-mae-societe-civile.php\"><br \/><\/a>T\u00e9l : 04 72 41 00 00<\/div>\n<p>[\/et_pb_map_pin][\/et_pb_map][et_pb_text _builder_version=&#8221;4.17.4&#8243; _module_preset=&#8221;f0cf31b9-b2e7-4752-a57c-6e2f73347b36&#8243; text_text_color=&#8221;#000000&#8243; text_font_size=&#8221;16px&#8221; text_line_height=&#8221;1.8em&#8221; background_color=&#8221;#FFFFFF&#8221; text_orientation=&#8221;center&#8221; custom_margin_tablet=&#8221;||50px||false|false&#8221; custom_margin_phone=&#8221;||0px||false|false&#8221; custom_margin_last_edited=&#8221;on|desktop&#8221; custom_padding=&#8221;20px|20px|20px|20px|true|true&#8221; text_font_size_tablet=&#8221;14px&#8221; text_font_size_phone=&#8221;12px&#8221; text_font_size_last_edited=&#8221;on|desktop&#8221; header_font_size_tablet=&#8221;55px&#8221; header_font_size_last_edited=&#8221;off|desktop&#8221; border_color_all=&#8221;#CC0000&#8243; box_shadow_style=&#8221;preset2&#8243; box_shadow_color=&#8221;#FFFFFF&#8221; locked=&#8221;off&#8221; global_colors_info=&#8221;{}&#8221;]<\/p>\n<p>We operate on the <span style=\"color: #cc0000;\"><strong>national<\/strong> <\/span>territory through a developed network of collaborators, and on the<span style=\"color: #cc0000;\"><strong> international<\/strong><\/span> front by a direct <strong>representation within European and global associations<\/strong>.<\/p>\n<p>[\/et_pb_text][\/et_pb_column][\/et_pb_row][\/et_pb_section]<\/p>\n","protected":false},"excerpt":{"rendered":"<p>Our agenciesHeadquarter 3 Impasse Saint Pierre21000 DIJONT\u00e9l\u00e9phone : 03 80 68 01 68Fax : 03 80 68 01 69AI sarl de Chalon-sur-Sa\u00f4ne 67, rue F\u00e8vres71100 Chalon-sur-Sa\u00f4neT\u00e9l : 03 85 93 34 33AI sarl de Besan\u00e7on Parc Lafayette, 5 rue Alfred de Vigny25000 Besan\u00e7onT\u00e9l : 03 81 81 01 01Filiale MAE Soci\u00e9t\u00e9 Civile 31, rue de [&hellip;]<\/p>\n","protected":false},"author":1,"featured_media":0,"parent":0,"menu_order":0,"comment_status":"closed","ping_status":"closed","template":"","meta":{"_et_pb_use_builder":"on","_et_pb_old_content":"<!-- wp:divi\/placeholder \/-->","_et_gb_content_width":"","_monsterinsights_skip_tracking":false,"_monsterinsights_sitenote_active":false,"_monsterinsights_sitenote_note":"","_monsterinsights_sitenote_category":0,"footnotes":""},"class_list":["post-37","page","type-page","status-publish","hentry"],"yoast_head":"<!-- This site is optimized with the Yoast SEO plugin v27.5 - https:\/\/yoast.com\/product\/yoast-seo-wordpress\/ -->\n<title>Our agencies - Agence Investigations Sarl - D\u00e9tective Dijon<\/title>\n<meta name=\"robots\" content=\"index, follow, max-snippet:-1, max-image-preview:large, max-video-preview:-1\" \/>\n<link rel=\"canonical\" href=\"https:\/\/www.investigations.fr\/en\/our-agencies\/\" \/>\n<meta property=\"og:locale\" content=\"en_US\" \/>\n<meta property=\"og:type\" content=\"article\" \/>\n<meta property=\"og:title\" content=\"Our agencies - Agence Investigations Sarl - D\u00e9tective Dijon\" \/>\n<meta property=\"og:description\" content=\"Our agenciesHeadquarter 3 Impasse Saint Pierre21000 DIJONT\u00e9l\u00e9phone : 03 80 68 01 68Fax : 03 80 68 01 69AI sarl de Chalon-sur-Sa\u00f4ne 67, rue F\u00e8vres71100 Chalon-sur-Sa\u00f4neT\u00e9l : 03 85 93 34 33AI sarl de Besan\u00e7on Parc Lafayette, 5 rue Alfred de Vigny25000 Besan\u00e7onT\u00e9l : 03 81 81 01 01Filiale MAE Soci\u00e9t\u00e9 Civile 31, rue de [&hellip;]\" \/>\n<meta property=\"og:url\" content=\"https:\/\/www.investigations.fr\/en\/our-agencies\/\" \/>\n<meta property=\"og:site_name\" content=\"Agence Investigations Sarl - D\u00e9tective Dijon\" \/>\n<meta property=\"article:modified_time\" content=\"2022-06-13T20:16:38+00:00\" \/>\n<meta name=\"twitter:card\" content=\"summary_large_image\" \/>\n<meta name=\"twitter:label1\" content=\"Est. reading time\" \/>\n\t<meta name=\"twitter:data1\" content=\"3 minutes\" \/>\n<script type=\"application\/ld+json\" class=\"yoast-schema-graph\">{\"@context\":\"https:\\\/\\\/schema.org\",\"@graph\":[{\"@type\":\"WebPage\",\"@id\":\"https:\\\/\\\/www.investigations.fr\\\/en\\\/our-agencies\\\/\",\"url\":\"https:\\\/\\\/www.investigations.fr\\\/en\\\/our-agencies\\\/\",\"name\":\"Our agencies - Agence Investigations Sarl - D\u00e9tective Dijon\",\"isPartOf\":{\"@id\":\"https:\\\/\\\/www.investigations.fr\\\/en\\\/#website\"},\"datePublished\":\"2022-02-14T14:22:59+00:00\",\"dateModified\":\"2022-06-13T20:16:38+00:00\",\"breadcrumb\":{\"@id\":\"https:\\\/\\\/www.investigations.fr\\\/en\\\/our-agencies\\\/#breadcrumb\"},\"inLanguage\":\"en-US\",\"potentialAction\":[{\"@type\":\"ReadAction\",\"target\":[\"https:\\\/\\\/www.investigations.fr\\\/en\\\/our-agencies\\\/\"]}]},{\"@type\":\"BreadcrumbList\",\"@id\":\"https:\\\/\\\/www.investigations.fr\\\/en\\\/our-agencies\\\/#breadcrumb\",\"itemListElement\":[{\"@type\":\"ListItem\",\"position\":1,\"name\":\"Accueil\",\"item\":\"https:\\\/\\\/www.investigations.fr\\\/en\\\/\"},{\"@type\":\"ListItem\",\"position\":2,\"name\":\"Our agencies\"}]},{\"@type\":\"WebSite\",\"@id\":\"https:\\\/\\\/www.investigations.fr\\\/en\\\/#website\",\"url\":\"https:\\\/\\\/www.investigations.fr\\\/en\\\/\",\"name\":\"Agence Investigations Sarl - D\u00e9tective Dijon\",\"description\":\"D\u00e9tective Dijon, Chalon, Besan\u00e7on, Lyon.\",\"publisher\":{\"@id\":\"https:\\\/\\\/www.investigations.fr\\\/en\\\/#organization\"},\"potentialAction\":[{\"@type\":\"SearchAction\",\"target\":{\"@type\":\"EntryPoint\",\"urlTemplate\":\"https:\\\/\\\/www.investigations.fr\\\/en\\\/?s={search_term_string}\"},\"query-input\":{\"@type\":\"PropertyValueSpecification\",\"valueRequired\":true,\"valueName\":\"search_term_string\"}}],\"inLanguage\":\"en-US\"},{\"@type\":\"Organization\",\"@id\":\"https:\\\/\\\/www.investigations.fr\\\/en\\\/#organization\",\"name\":\"Agence Investigation Dijon\",\"url\":\"https:\\\/\\\/www.investigations.fr\\\/en\\\/\",\"logo\":{\"@type\":\"ImageObject\",\"inLanguage\":\"en-US\",\"@id\":\"https:\\\/\\\/www.investigations.fr\\\/en\\\/#\\\/schema\\\/logo\\\/image\\\/\",\"url\":\"https:\\\/\\\/www.investigations.fr\\\/wp-content\\\/uploads\\\/2022\\\/02\\\/ai-favicon.jpg\",\"contentUrl\":\"https:\\\/\\\/www.investigations.fr\\\/wp-content\\\/uploads\\\/2022\\\/02\\\/ai-favicon.jpg\",\"width\":512,\"height\":512,\"caption\":\"Agence Investigation Dijon\"},\"image\":{\"@id\":\"https:\\\/\\\/www.investigations.fr\\\/en\\\/#\\\/schema\\\/logo\\\/image\\\/\"}}]}<\/script>\n<!-- \/ Yoast SEO plugin. -->","yoast_head_json":{"title":"Our agencies - Agence Investigations Sarl - D\u00e9tective Dijon","robots":{"index":"index","follow":"follow","max-snippet":"max-snippet:-1","max-image-preview":"max-image-preview:large","max-video-preview":"max-video-preview:-1"},"canonical":"https:\/\/www.investigations.fr\/en\/our-agencies\/","og_locale":"en_US","og_type":"article","og_title":"Our agencies - Agence Investigations Sarl - D\u00e9tective Dijon","og_description":"Our agenciesHeadquarter 3 Impasse Saint Pierre21000 DIJONT\u00e9l\u00e9phone : 03 80 68 01 68Fax : 03 80 68 01 69AI sarl de Chalon-sur-Sa\u00f4ne 67, rue F\u00e8vres71100 Chalon-sur-Sa\u00f4neT\u00e9l : 03 85 93 34 33AI sarl de Besan\u00e7on Parc Lafayette, 5 rue Alfred de Vigny25000 Besan\u00e7onT\u00e9l : 03 81 81 01 01Filiale MAE Soci\u00e9t\u00e9 Civile 31, rue de [&hellip;]","og_url":"https:\/\/www.investigations.fr\/en\/our-agencies\/","og_site_name":"Agence Investigations Sarl - D\u00e9tective Dijon","article_modified_time":"2022-06-13T20:16:38+00:00","twitter_card":"summary_large_image","twitter_misc":{"Est. reading time":"3 minutes"},"schema":{"@context":"https:\/\/schema.org","@graph":[{"@type":"WebPage","@id":"https:\/\/www.investigations.fr\/en\/our-agencies\/","url":"https:\/\/www.investigations.fr\/en\/our-agencies\/","name":"Our agencies - Agence Investigations Sarl - D\u00e9tective Dijon","isPartOf":{"@id":"https:\/\/www.investigations.fr\/en\/#website"},"datePublished":"2022-02-14T14:22:59+00:00","dateModified":"2022-06-13T20:16:38+00:00","breadcrumb":{"@id":"https:\/\/www.investigations.fr\/en\/our-agencies\/#breadcrumb"},"inLanguage":"en-US","potentialAction":[{"@type":"ReadAction","target":["https:\/\/www.investigations.fr\/en\/our-agencies\/"]}]},{"@type":"BreadcrumbList","@id":"https:\/\/www.investigations.fr\/en\/our-agencies\/#breadcrumb","itemListElement":[{"@type":"ListItem","position":1,"name":"Accueil","item":"https:\/\/www.investigations.fr\/en\/"},{"@type":"ListItem","position":2,"name":"Our agencies"}]},{"@type":"WebSite","@id":"https:\/\/www.investigations.fr\/en\/#website","url":"https:\/\/www.investigations.fr\/en\/","name":"Agence Investigations Sarl - D\u00e9tective Dijon","description":"D\u00e9tective Dijon, Chalon, Besan\u00e7on, Lyon.","publisher":{"@id":"https:\/\/www.investigations.fr\/en\/#organization"},"potentialAction":[{"@type":"SearchAction","target":{"@type":"EntryPoint","urlTemplate":"https:\/\/www.investigations.fr\/en\/?s={search_term_string}"},"query-input":{"@type":"PropertyValueSpecification","valueRequired":true,"valueName":"search_term_string"}}],"inLanguage":"en-US"},{"@type":"Organization","@id":"https:\/\/www.investigations.fr\/en\/#organization","name":"Agence Investigation Dijon","url":"https:\/\/www.investigations.fr\/en\/","logo":{"@type":"ImageObject","inLanguage":"en-US","@id":"https:\/\/www.investigations.fr\/en\/#\/schema\/logo\/image\/","url":"https:\/\/www.investigations.fr\/wp-content\/uploads\/2022\/02\/ai-favicon.jpg","contentUrl":"https:\/\/www.investigations.fr\/wp-content\/uploads\/2022\/02\/ai-favicon.jpg","width":512,"height":512,"caption":"Agence Investigation Dijon"},"image":{"@id":"https:\/\/www.investigations.fr\/en\/#\/schema\/logo\/image\/"}}]}},"_links":{"self":[{"href":"https:\/\/www.investigations.fr\/en\/wp-json\/wp\/v2\/pages\/37","targetHints":{"allow":["GET"]}}],"collection":[{"href":"https:\/\/www.investigations.fr\/en\/wp-json\/wp\/v2\/pages"}],"about":[{"href":"https:\/\/www.investigations.fr\/en\/wp-json\/wp\/v2\/types\/page"}],"author":[{"embeddable":true,"href":"https:\/\/www.investigations.fr\/en\/wp-json\/wp\/v2\/users\/1"}],"replies":[{"embeddable":true,"href":"https:\/\/www.investigations.fr\/en\/wp-json\/wp\/v2\/comments?post=37"}],"version-history":[{"count":5,"href":"https:\/\/www.investigations.fr\/en\/wp-json\/wp\/v2\/pages\/37\/revisions"}],"predecessor-version":[{"id":578,"href":"https:\/\/www.investigations.fr\/en\/wp-json\/wp\/v2\/pages\/37\/revisions\/578"}],"wp:attachment":[{"href":"https:\/\/www.investigations.fr\/en\/wp-json\/wp\/v2\/media?parent=37"}],"curies":[{"name":"wp","href":"https:\/\/api.w.org\/{rel}","templated":true}]}}